{"id":3104,"date":"2025-03-26T18:23:16","date_gmt":"2025-03-26T18:23:16","guid":{"rendered":"https:\/\/radioiep.com\/site\/?page_id=3104"},"modified":"2025-03-26T21:04:28","modified_gmt":"2025-03-26T21:04:28","slug":"arquivos","status":"publish","type":"page","link":"https:\/\/radioiep.com\/site\/arquivos\/","title":{"rendered":"ARQUIVOS"},"content":{"rendered":"\t\t<div data-elementor-type=\"wp-page\" data-elementor-id=\"3104\" class=\"elementor elementor-3104\" data-elementor-post-type=\"page\">\n\t\t\t\t\t\t<section class=\"elementor-section elementor-top-section elementor-element elementor-element-8d92cfc elementor-section-boxed elementor-section-height-default elementor-section-height-default\" data-id=\"8d92cfc\" data-element_type=\"section\" data-settings=\"{&quot;background_background&quot;:&quot;classic&quot;}\">\n\t\t\t\t\t\t\t<div class=\"elementor-background-overlay\"><\/div>\n\t\t\t\t\t\t\t<div class=\"elementor-container elementor-column-gap-default\">\n\t\t\t\t\t<div class=\"elementor-column elementor-col-100 elementor-top-column elementor-element elementor-element-49673793\" data-id=\"49673793\" data-element_type=\"column\">\n\t\t\t<div class=\"elementor-widget-wrap elementor-element-populated\">\n\t\t\t\t\t\t<div class=\"elementor-element elementor-element-1d1abe73 elementor-widget__width-auto elementor-invisible elementor-widget elementor-widget-image\" data-id=\"1d1abe73\" data-element_type=\"widget\" data-settings=\"{&quot;_animation&quot;:&quot;rotateIn&quot;,&quot;_animation_delay&quot;:720}\" data-widget_type=\"image.default\">\n\t\t\t\t<div class=\"elementor-widget-container\">\n\t\t\t\t\t\t\t\t\t\t\t\t\t\t\t<img decoding=\"async\" width=\"189\" height=\"203\" src=\"https:\/\/radioiep.com\/site\/wp-content\/uploads\/2021\/05\/logo-simple.png\" class=\"attachment-full size-full wp-image-785\" alt=\"\" \/>\t\t\t\t\t\t\t\t\t\t\t\t\t\t\t<\/div>\n\t\t\t\t<\/div>\n\t\t\t\t<div class=\"elementor-element elementor-element-26f1b501 elementor-invisible elementor-widget elementor-widget-heading\" data-id=\"26f1b501\" data-element_type=\"widget\" data-settings=\"{&quot;_animation&quot;:&quot;fadeInDown&quot;}\" data-widget_type=\"heading.default\">\n\t\t\t\t<div class=\"elementor-widget-container\">\n\t\t\t\t\t<h2 class=\"elementor-heading-title elementor-size-default\">ARQUIVOS<\/h2>\t\t\t\t<\/div>\n\t\t\t\t<\/div>\n\t\t\t\t\t<\/div>\n\t\t<\/div>\n\t\t\t\t\t<\/div>\n\t\t<\/section>\n\t\t\t\t<section class=\"elementor-section elementor-top-section elementor-element elementor-element-39520fc3 elementor-reverse-tablet elementor-reverse-mobile elementor-section-boxed elementor-section-height-default elementor-section-height-default\" data-id=\"39520fc3\" data-element_type=\"section\">\n\t\t\t\t\t\t<div class=\"elementor-container elementor-column-gap-default\">\n\t\t\t\t\t<div class=\"elementor-column elementor-col-100 elementor-top-column elementor-element elementor-element-4a22d4d4\" data-id=\"4a22d4d4\" data-element_type=\"column\">\n\t\t\t<div class=\"elementor-widget-wrap elementor-element-populated\">\n\t\t\t\t\t\t<div class=\"elementor-element elementor-element-35925148 elementor-invisible elementor-widget elementor-widget-heading\" data-id=\"35925148\" data-element_type=\"widget\" data-settings=\"{&quot;_animation&quot;:&quot;fadeInUp&quot;}\" data-widget_type=\"heading.default\">\n\t\t\t\t<div class=\"elementor-widget-container\">\n\t\t\t\t\t<h2 class=\"elementor-heading-title elementor-size-default\">Downloads e Materiais de Apoio\n<\/h2>\t\t\t\t<\/div>\n\t\t\t\t<\/div>\n\t\t\t\t<div class=\"elementor-element elementor-element-15791155 elementor-widget elementor-widget-text-editor\" data-id=\"15791155\" data-element_type=\"widget\" data-widget_type=\"text-editor.default\">\n\t\t\t\t<div class=\"elementor-widget-container\">\n\t\t\t\t\t\t\t\t\t<p class=\"\" data-start=\"1128\" data-end=\"1274\">Nesta se\u00e7\u00e3o, disponibilizamos arquivos \u00fateis e informativos para quem acompanha ou participa dos projetos da RIEP.<br data-start=\"1255\" data-end=\"1258\" \/>Voc\u00ea encontrar\u00e1:<\/p><ul data-start=\"1276\" data-end=\"1447\"><li class=\"\" data-start=\"1276\" data-end=\"1321\"><p class=\"\" data-start=\"1278\" data-end=\"1321\">Cartilhas, e-books e apostilas educativas<\/p><\/li><li class=\"\" data-start=\"1322\" data-end=\"1360\"><p class=\"\" data-start=\"1324\" data-end=\"1360\">Editais e regulamentos de projetos<\/p><\/li><li class=\"\" data-start=\"1361\" data-end=\"1388\"><p class=\"\" data-start=\"1363\" data-end=\"1388\">Materiais de divulga\u00e7\u00e3o<\/p><\/li><li class=\"\" data-start=\"1389\" data-end=\"1447\"><p class=\"\" data-start=\"1391\" data-end=\"1447\">Arquivos de apoio a volunt\u00e1rios, parceiros e comunidades<\/p><\/li><\/ul><p class=\"\" data-start=\"1449\" data-end=\"1590\">Todos os documentos est\u00e3o em formato PDF e prontos para download gratuito.<br data-start=\"1523\" data-end=\"1526\" \/><strong data-start=\"1526\" data-end=\"1590\">Clique nos t\u00edtulos abaixo para baixar os arquivos desejados.<\/strong><\/p>\t\t\t\t\t\t\t\t<\/div>\n\t\t\t\t<\/div>\n\t\t\t\t\t<\/div>\n\t\t<\/div>\n\t\t\t\t\t<\/div>\n\t\t<\/section>\n\t\t<div class=\"elementor-element elementor-element-379ec667 e-flex e-con-boxed e-con e-parent\" data-id=\"379ec667\" data-element_type=\"container\" id=\"xs_cta_style_15\">\n\t\t\t\t\t<div class=\"e-con-inner\">\n\t\t<div class=\"elementor-element elementor-element-6d088f44 e-con-full e-flex e-con e-child\" data-id=\"6d088f44\" data-element_type=\"container\">\n\t\t\t\t<div class=\"elementor-element elementor-element-61db954d elementor-widget elementor-widget-elementskit-heading\" data-id=\"61db954d\" data-element_type=\"widget\" data-widget_type=\"elementskit-heading.default\">\n\t\t\t\t<div class=\"elementor-widget-container\">\n\t\t\t\t\t<div class=\"ekit-wid-con\" ><div class=\"ekit-heading elementskit-section-title-wraper text_left   ekit_heading_tablet-   ekit_heading_mobile-\"><h2 class=\"ekit-heading--title elementskit-section-title \">Portf\u00f3lio associa\u00e7\u00e3o <span><span>Radio EEP<\/span><\/span><\/h2>\t\t\t\t<div class='ekit-heading__description'>\n\t\t\t\t\t<p>Baixe nosso portf\u00f3lio e conhe\u00e7a em detalhes nosso trabalho.<\/p>\n\t\t\t\t<\/div>\n\t\t\t<\/div><\/div>\t\t\t\t<\/div>\n\t\t\t\t<\/div>\n\t\t\t\t<div class=\"elementor-element elementor-element-d409ce9 elementor-align-right elementor-align--mobilecenter elementor-widget-tablet__width-inherit elementor-widget-mobile__width-auto elementor-widget elementor-widget-elementskit-button\" data-id=\"d409ce9\" data-element_type=\"widget\" data-widget_type=\"elementskit-button.default\">\n\t\t\t\t<div class=\"elementor-widget-container\">\n\t\t\t\t\t<div class=\"ekit-wid-con\" >\t\t<div class=\"ekit-btn-wraper\">\n\t\t\t\t\t\t\t<a href=\"https:\/\/radioiep.com\/site\/wp-content\/uploads\/2025\/03\/Portifolio-associacao.pdf\" target=\"_blank\" class=\"elementskit-btn  whitespace--normal\" id=\"\">\n\t\t\t\t\tBaixar arquivo<i class=\"fasicon icon-right-arrow\"><\/i>\t\t\t\t<\/a>\n\t\t\t\t\t<\/div>\n        <\/div>\t\t\t\t<\/div>\n\t\t\t\t<\/div>\n\t\t\t\t<\/div>\n\t\t\t\t\t<\/div>\n\t\t\t\t<\/div>\n\t\t<div class=\"elementor-element elementor-element-a12a5a4 e-flex e-con-boxed e-con e-parent\" data-id=\"a12a5a4\" data-element_type=\"container\">\n\t\t\t\t\t<div class=\"e-con-inner\">\n\t\t<div class=\"elementor-element elementor-element-9b58c89 e-con-full e-flex e-con e-child\" data-id=\"9b58c89\" data-element_type=\"container\">\n\t\t\t\t<div class=\"elementor-element elementor-element-fe182b8 elementor-widget elementor-widget-elementskit-heading\" data-id=\"fe182b8\" data-element_type=\"widget\" data-widget_type=\"elementskit-heading.default\">\n\t\t\t\t<div class=\"elementor-widget-container\">\n\t\t\t\t\t<div class=\"ekit-wid-con\" ><div class=\"ekit-heading elementskit-section-title-wraper text_left   ekit_heading_tablet-   ekit_heading_mobile-\"><h2 class=\"ekit-heading--title elementskit-section-title \">Portf\u00f3lio associa\u00e7\u00e3o <span><span>Radio EEP<\/span><\/span><\/h2>\t\t\t\t<div class='ekit-heading__description'>\n\t\t\t\t\t<p>Baixe nosso portf\u00f3lio e conhe\u00e7a em detalhes nosso trabalho.<\/p>\n\t\t\t\t<\/div>\n\t\t\t<\/div><\/div>\t\t\t\t<\/div>\n\t\t\t\t<\/div>\n\t\t\t\t<div class=\"elementor-element elementor-element-a5237b8 elementor-align-right elementor-align--mobilecenter elementor-widget-tablet__width-inherit elementor-widget-mobile__width-auto elementor-widget elementor-widget-elementskit-button\" data-id=\"a5237b8\" data-element_type=\"widget\" data-widget_type=\"elementskit-button.default\">\n\t\t\t\t<div class=\"elementor-widget-container\">\n\t\t\t\t\t<div class=\"ekit-wid-con\" >\t\t<div class=\"ekit-btn-wraper\">\n\t\t\t\t\t\t\t<a href=\"https:\/\/radioiep.com\/site\/wp-content\/uploads\/2025\/03\/Portifolio-associacao.pdf\" target=\"_blank\" class=\"elementskit-btn  whitespace--normal\" id=\"\">\n\t\t\t\t\tBaixar arquivo<i class=\"fasicon icon-right-arrow\"><\/i>\t\t\t\t<\/a>\n\t\t\t\t\t<\/div>\n        <\/div>\t\t\t\t<\/div>\n\t\t\t\t<\/div>\n\t\t\t\t<\/div>\n\t\t\t\t\t<\/div>\n\t\t\t\t<\/div>\n\t\t<div class=\"elementor-element elementor-element-10e4a86 e-flex e-con-boxed e-con e-parent\" data-id=\"10e4a86\" data-element_type=\"container\">\n\t\t\t\t\t<div class=\"e-con-inner\">\n\t\t<div class=\"elementor-element elementor-element-419629a e-con-full e-flex e-con e-child\" data-id=\"419629a\" data-element_type=\"container\">\n\t\t\t\t<div class=\"elementor-element elementor-element-0733fca elementor-widget elementor-widget-elementskit-heading\" data-id=\"0733fca\" data-element_type=\"widget\" data-widget_type=\"elementskit-heading.default\">\n\t\t\t\t<div class=\"elementor-widget-container\">\n\t\t\t\t\t<div class=\"ekit-wid-con\" ><div class=\"ekit-heading elementskit-section-title-wraper text_left   ekit_heading_tablet-   ekit_heading_mobile-\"><h2 class=\"ekit-heading--title elementskit-section-title \">Portf\u00f3lio associa\u00e7\u00e3o <span><span>Radio EEP<\/span><\/span><\/h2>\t\t\t\t<div class='ekit-heading__description'>\n\t\t\t\t\t<p>Baixe nosso portf\u00f3lio e conhe\u00e7a em detalhes nosso trabalho.<\/p>\n\t\t\t\t<\/div>\n\t\t\t<\/div><\/div>\t\t\t\t<\/div>\n\t\t\t\t<\/div>\n\t\t\t\t<div class=\"elementor-element elementor-element-ea1e315 elementor-align-right elementor-align--mobilecenter elementor-widget-tablet__width-inherit elementor-widget-mobile__width-auto elementor-widget elementor-widget-elementskit-button\" data-id=\"ea1e315\" data-element_type=\"widget\" data-widget_type=\"elementskit-button.default\">\n\t\t\t\t<div class=\"elementor-widget-container\">\n\t\t\t\t\t<div class=\"ekit-wid-con\" >\t\t<div class=\"ekit-btn-wraper\">\n\t\t\t\t\t\t\t<a href=\"https:\/\/radioiep.com\/site\/wp-content\/uploads\/2025\/03\/Portifolio-associacao.pdf\" target=\"_blank\" class=\"elementskit-btn  whitespace--normal\" id=\"\">\n\t\t\t\t\tBaixar arquivo<i class=\"fasicon icon-right-arrow\"><\/i>\t\t\t\t<\/a>\n\t\t\t\t\t<\/div>\n        <\/div>\t\t\t\t<\/div>\n\t\t\t\t<\/div>\n\t\t\t\t<\/div>\n\t\t\t\t\t<\/div>\n\t\t\t\t<\/div>\n\t\t\t\t<\/div>\n\t\t","protected":false},"excerpt":{"rendered":"<p>ARQUIVOS Downloads e Materiais de Apoio Nesta se\u00e7\u00e3o, disponibilizamos arquivos \u00fateis e informativos para quem acompanha ou participa dos projetos da RIEP.Voc\u00ea encontrar\u00e1: Cartilhas, e-books e apostilas educativas Editais e regulamentos de projetos Materiais de divulga\u00e7\u00e3o Arquivos de apoio a volunt\u00e1rios, parceiros e comunidades Todos os documentos est\u00e3o em formato PDF e prontos para download [&hellip;]<\/p>\n","protected":false},"author":1,"featured_media":0,"parent":0,"menu_order":0,"comment_status":"closed","ping_status":"closed","template":"elementor_header_footer","meta":{"footnotes":""},"class_list":["post-3104","page","type-page","status-publish","hentry"],"_links":{"self":[{"href":"https:\/\/radioiep.com\/site\/wp-json\/wp\/v2\/pages\/3104","targetHints":{"allow":["GET"]}}],"collection":[{"href":"https:\/\/radioiep.com\/site\/wp-json\/wp\/v2\/pages"}],"about":[{"href":"https:\/\/radioiep.com\/site\/wp-json\/wp\/v2\/types\/page"}],"author":[{"embeddable":true,"href":"https:\/\/radioiep.com\/site\/wp-json\/wp\/v2\/users\/1"}],"replies":[{"embeddable":true,"href":"https:\/\/radioiep.com\/site\/wp-json\/wp\/v2\/comments?post=3104"}],"version-history":[{"count":40,"href":"https:\/\/radioiep.com\/site\/wp-json\/wp\/v2\/pages\/3104\/revisions"}],"predecessor-version":[{"id":3148,"href":"https:\/\/radioiep.com\/site\/wp-json\/wp\/v2\/pages\/3104\/revisions\/3148"}],"wp:attachment":[{"href":"https:\/\/radioiep.com\/site\/wp-json\/wp\/v2\/media?parent=3104"}],"curies":[{"name":"wp","href":"https:\/\/api.w.org\/{rel}","templated":true}]}}