{"id":3066,"date":"2025-03-26T16:03:38","date_gmt":"2025-03-26T16:03:38","guid":{"rendered":"https:\/\/radioiep.com\/site\/?page_id=3066"},"modified":"2025-03-26T18:18:15","modified_gmt":"2025-03-26T18:18:15","slug":"videos","status":"publish","type":"page","link":"https:\/\/radioiep.com\/site\/videos\/","title":{"rendered":"V\u00cdDEOS"},"content":{"rendered":"\t\t<div data-elementor-type=\"wp-page\" data-elementor-id=\"3066\" class=\"elementor elementor-3066\" data-elementor-post-type=\"page\">\n\t\t\t\t\t\t<section class=\"elementor-section elementor-top-section elementor-element elementor-element-36ff5ebb elementor-section-boxed elementor-section-height-default elementor-section-height-default\" data-id=\"36ff5ebb\" data-element_type=\"section\" data-settings=\"{&quot;background_background&quot;:&quot;classic&quot;}\">\n\t\t\t\t\t\t\t<div class=\"elementor-background-overlay\"><\/div>\n\t\t\t\t\t\t\t<div class=\"elementor-container elementor-column-gap-default\">\n\t\t\t\t\t<div class=\"elementor-column elementor-col-100 elementor-top-column elementor-element elementor-element-4e3988d8\" data-id=\"4e3988d8\" data-element_type=\"column\">\n\t\t\t<div class=\"elementor-widget-wrap elementor-element-populated\">\n\t\t\t\t\t\t<div class=\"elementor-element elementor-element-692dbcc9 elementor-widget__width-auto elementor-invisible elementor-widget elementor-widget-image\" data-id=\"692dbcc9\" data-element_type=\"widget\" data-settings=\"{&quot;_animation&quot;:&quot;rotateIn&quot;,&quot;_animation_delay&quot;:720}\" data-widget_type=\"image.default\">\n\t\t\t\t<div class=\"elementor-widget-container\">\n\t\t\t\t\t\t\t\t\t\t\t\t\t\t\t<img decoding=\"async\" width=\"189\" height=\"203\" src=\"https:\/\/radioiep.com\/site\/wp-content\/uploads\/2021\/05\/logo-simple.png\" class=\"attachment-full size-full wp-image-785\" alt=\"\" \/>\t\t\t\t\t\t\t\t\t\t\t\t\t\t\t<\/div>\n\t\t\t\t<\/div>\n\t\t\t\t<div class=\"elementor-element elementor-element-1fd7eb4d elementor-invisible elementor-widget elementor-widget-heading\" data-id=\"1fd7eb4d\" data-element_type=\"widget\" data-settings=\"{&quot;_animation&quot;:&quot;fadeInDown&quot;}\" data-widget_type=\"heading.default\">\n\t\t\t\t<div class=\"elementor-widget-container\">\n\t\t\t\t\t<h2 class=\"elementor-heading-title elementor-size-default\">V\u00cdDEOS<\/h2>\t\t\t\t<\/div>\n\t\t\t\t<\/div>\n\t\t\t\t\t<\/div>\n\t\t<\/div>\n\t\t\t\t\t<\/div>\n\t\t<\/section>\n\t\t\t\t<section class=\"elementor-section elementor-top-section elementor-element elementor-element-40aac028 elementor-reverse-tablet elementor-reverse-mobile elementor-section-boxed elementor-section-height-default elementor-section-height-default\" data-id=\"40aac028\" data-element_type=\"section\">\n\t\t\t\t\t\t<div class=\"elementor-container elementor-column-gap-default\">\n\t\t\t\t\t<div class=\"elementor-column elementor-col-100 elementor-top-column elementor-element elementor-element-2636fa6e\" data-id=\"2636fa6e\" data-element_type=\"column\">\n\t\t\t<div class=\"elementor-widget-wrap elementor-element-populated\">\n\t\t\t\t\t\t<div class=\"elementor-element elementor-element-61b1d107 elementor-invisible elementor-widget elementor-widget-heading\" data-id=\"61b1d107\" data-element_type=\"widget\" data-settings=\"{&quot;_animation&quot;:&quot;fadeInUp&quot;}\" data-widget_type=\"heading.default\">\n\t\t\t\t<div class=\"elementor-widget-container\">\n\t\t\t\t\t<h2 class=\"elementor-heading-title elementor-size-default\">Imagens em Movimento que Contam Hist\u00f3rias<\/h2>\t\t\t\t<\/div>\n\t\t\t\t<\/div>\n\t\t\t\t<div class=\"elementor-element elementor-element-123d70c8 elementor-widget elementor-widget-text-editor\" data-id=\"123d70c8\" data-element_type=\"widget\" data-widget_type=\"text-editor.default\">\n\t\t\t\t<div class=\"elementor-widget-container\">\n\t\t\t\t\t\t\t\t\t<p class=\"\" data-start=\"716\" data-end=\"940\">Assista aos v\u00eddeos produzidos pela RIEP e por parceiros que compartilham da nossa miss\u00e3o. Aqui voc\u00ea encontrar\u00e1 coberturas de eventos, entrevistas, registros de a\u00e7\u00f5es culturais, campanhas, festivais e muito mais.<\/p><p class=\"\" data-start=\"942\" data-end=\"1046\">Nossos v\u00eddeos mostram como a arte, a cultura e a l\u00edngua portuguesa podem transformar e unir comunidades.<\/p>\t\t\t\t\t\t\t\t<\/div>\n\t\t\t\t<\/div>\n\t\t\t\t\t<\/div>\n\t\t<\/div>\n\t\t\t\t\t<\/div>\n\t\t<\/section>\n\t\t<div class=\"elementor-element elementor-element-f05fc60 e-flex e-con-boxed e-con e-parent\" data-id=\"f05fc60\" data-element_type=\"container\">\n\t\t\t\t\t<div class=\"e-con-inner\">\n\t\t\t\t<div class=\"elementor-element elementor-element-e8389ca elementor-widget elementor-widget-html\" data-id=\"e8389ca\" data-element_type=\"widget\" data-widget_type=\"html.default\">\n\t\t\t\t<div class=\"elementor-widget-container\">\n\t\t\t\t\t<!-- Elfsight YouTube Gallery | Untitled YouTube Gallery -->\n<script src=\"https:\/\/static.elfsight.com\/platform\/platform.js\" async><\/script>\n<div class=\"elfsight-app-18695b5c-24f1-47ec-ad8f-0e9c94071b76\" data-elfsight-app-lazy><\/div>\t\t\t\t<\/div>\n\t\t\t\t<\/div>\n\t\t\t\t\t<\/div>\n\t\t\t\t<\/div>\n\t\t\t\t<\/div>\n\t\t","protected":false},"excerpt":{"rendered":"<p>V\u00cdDEOS Imagens em Movimento que Contam Hist\u00f3rias Assista aos v\u00eddeos produzidos pela RIEP e por parceiros que compartilham da nossa miss\u00e3o. Aqui voc\u00ea encontrar\u00e1 coberturas de eventos, entrevistas, registros de a\u00e7\u00f5es culturais, campanhas, festivais e muito mais. Nossos v\u00eddeos mostram como a arte, a cultura e a l\u00edngua portuguesa podem transformar e unir comunidades.<\/p>\n","protected":false},"author":1,"featured_media":0,"parent":0,"menu_order":0,"comment_status":"closed","ping_status":"closed","template":"elementor_header_footer","meta":{"footnotes":""},"class_list":["post-3066","page","type-page","status-publish","hentry"],"_links":{"self":[{"href":"https:\/\/radioiep.com\/site\/wp-json\/wp\/v2\/pages\/3066","targetHints":{"allow":["GET"]}}],"collection":[{"href":"https:\/\/radioiep.com\/site\/wp-json\/wp\/v2\/pages"}],"about":[{"href":"https:\/\/radioiep.com\/site\/wp-json\/wp\/v2\/types\/page"}],"author":[{"embeddable":true,"href":"https:\/\/radioiep.com\/site\/wp-json\/wp\/v2\/users\/1"}],"replies":[{"embeddable":true,"href":"https:\/\/radioiep.com\/site\/wp-json\/wp\/v2\/comments?post=3066"}],"version-history":[{"count":28,"href":"https:\/\/radioiep.com\/site\/wp-json\/wp\/v2\/pages\/3066\/revisions"}],"predecessor-version":[{"id":3102,"href":"https:\/\/radioiep.com\/site\/wp-json\/wp\/v2\/pages\/3066\/revisions\/3102"}],"wp:attachment":[{"href":"https:\/\/radioiep.com\/site\/wp-json\/wp\/v2\/media?parent=3066"}],"curies":[{"name":"wp","href":"https:\/\/api.w.org\/{rel}","templated":true}]}}